{"id":25,"date":"2018-11-16T10:49:28","date_gmt":"2018-11-16T09:49:28","guid":{"rendered":"http:\/\/www.buchstabencenter.de\/?page_id=25"},"modified":"2019-05-08T12:08:55","modified_gmt":"2019-05-08T10:08:55","slug":"leistungspalette-2","status":"publish","type":"page","link":"https:\/\/www.buchstabencenter.de\/?page_id=25","title":{"rendered":"LEISTUNGSPALETTE"},"content":{"rendered":"<p class=\"p1\"><span style=\"font-family: helvetica,arial,sans-serif;\"><b>Kontinuit\u00e4t gepaart mit Wissen &amp; Zuverl\u00e4ssigkeit.<\/b><\/span><\/p>\n<p class=\"p1\"><span style=\"font-family: helvetica,arial,sans-serif;\">Das Unternehmen wurde 1975 von Fritz K\u00f6ppe gegr\u00fcndet. Seit 1982 ist das Buchstaben Center eine GmbH und jeher drehte es sich um den Buchstaben.<\/span><\/p>\n<p class=\"p1\"><span style=\"font-family: helvetica,arial,sans-serif;\">40 Jahre stetige Entwicklung von den Holzlettern hin zur heutigen Vielfalt der M\u00f6glichkeiten.<\/span><\/p>\n<p class=\"p1\"><span style=\"font-family: helvetica,arial,sans-serif;\">\u201eWerbebotschaften\u201c auf Papier, Pappe, Glas (Schaufenster, T\u00fcren, Fenster), Alu, Holz, Folie, Plastik\u2026. in allen erdenklichen Farben, Formen und XXL Gr\u00f6\u00dfen.<\/span><\/p>\n<p class=\"p1\"><span style=\"font-family: helvetica,arial,sans-serif;\">Als produzierender Betrieb wissen wir worauf es bei Beschriftung und Beschilderung ankommt \u2013 ob plotten, drucken, kleben, schneiden, lasern \u2013 wir agieren mit langj\u00e4hrigem Know-how.<\/span><\/p>\n<p><strong>Kundenleitsysteme<br \/>\n<\/strong><span style=\"font-family: helvetica,arial,sans-serif;\">Hauswegweiser, Firmenschilder, Beschilderung aller Art &#8230;. und &#8230;.. sprechen Sie uns an.<br \/>\n<\/span><br \/>\n<strong>Vermietungsschilder<br \/>\n<\/strong>Vermietungsschilder informieren direkt am Objekt \u00fcber die Vermietungsangebote und den Vermietungsstand und sind somit ein wichtiges Instrument zur Kommunikation mit potentiellen Interessenten. Aufmerksamkeitsstark und wetterbest\u00e4ndig bieten wir Vermietungsschilder in allen Formaten und mit diversen Unterkonstruktionen, je nach Bedarf und \u00f6rtlichen Gegebenheiten.<\/p>\n<p class=\"p1\"><strong>Bauschilder<br \/>\n<\/strong>Das Bauschild ist die ideale Form Ihr Bauvorhaben, Ihre Werbebotschaft oder Ihr Unternehmen zu pr\u00e4sentieren, eine oft ungenutzte Werbem\u00f6glichkeit. Ob klein oder gro\u00df, ob Holzger\u00fcst oder Alutr\u00e4ger \u2014 wir bieten Ihnen f\u00fcr jeden Bedarf das passende Schild. Teilen Sie uns Ihre W\u00fcnsche mit und wir erstellen Ihnen gern ein unverbindliches Angebot.<\/p>\n<p class=\"p1\"><strong>Leuchtwerbung<br \/>\n<\/strong>Die Lichtwerbung gewinnt immer mehr an Bedeutung und der Wunsch nach individuellen L\u00f6sungen, die sich am Corporate Design der Kunden orientieren w\u00e4chst. Daher bieten wir speziell am Bedarf unserer Kunden ausgerichtete &#8211; qualitativ hochwertige Lichtwerbeanlagen, z. B. Einzelbuchstaben, Pylone, Leuchtkasten und vieles mehr.<br \/>\nZ.B. die LED-Technologie hat sich etabliert und ist mittlerweile fester Bestandteil im Bereich der Lichtwerbung. Der geringe Energieverbrauch sowie die lange Lebensdauer der Dioden haben dazu ebenso beigetragen wie die hohe Leuchtkraft und die geringe Bautiefe. Das macht LED zur effizienten, aufmerksamkeitsstarken und modernen Form der Lichtwerbung.\u00a0So schaffen Sie echte Hingucker.<\/p>\n<p class=\"p1\"><strong>Folienschriften<br \/>\n<\/strong>Folienschriften haben sich in vielerlei Hinsicht als optimale Beschriftungsm\u00f6glichkeit f\u00fcr Fl\u00e4chen aller Art erwiesen. Ob f\u00fcr Schilder, Schaufenster oder Glast\u00fcren \u2014 die Gestaltungs- und Einsatzm\u00f6glichkeiten sind vielf\u00e4ltig, die Kosten gering. Wir bieten Ihnen eine gro\u00dfe Auswahl selbstklebender Folien in verschiedensten Farben. So bleibt Ihre Werbebotschaft garantiert kleben.<\/p>\n<p class=\"p1\"><strong>Fahrzeugbeschriftungen<br \/>\n<\/strong>Machen Sie Ihr Fahrzeug zum Werbetr\u00e4ger und pr\u00e4sentieren Sie sich und Ihr Unternehmen wo auch immer Sie gerade sind. Ihre Werbung f\u00e4hrt mit. Die M\u00f6glichkeiten der Fahrzeugbeschriftung sind nahezu unbegrenzt und reichen von einem einfachen Schriftzug auf der T\u00fcr bis zu einer-vollfl\u00e4chigen Verklebung des Fahrzeugs. Die verwendeten Folien sind wetter- und waschstrassenresistent und lassen sich sp\u00e4ter r\u00fcckstandslos entfernen. Gern erstellen wir Ihnen ein individuelles Angebot f\u00fcr Ihr Fahrzeug.<\/p>\n<p class=\"p1\"><strong>Siebdruck<br \/>\n<\/strong>Der Siebdruck eignet sich f\u00fcr viele Materialien, Formen, Formate und Auflagen. Ein exaktes, brillantes Druckbild, hohe Farbgenauigkeit sowie die Licht- und Wetterbest\u00e4ndigkeit sind nur einige der Vorteile dieses Druckverfahrens. Ob Schilder, Tafeln oder Glasfl\u00e4chen \u2014 ein perfektes Ergebnis ist garantiert.<\/p>\n<p class=\"p1\"><strong>Gro\u00dfformatdruck<br \/>\n<\/strong>Sie wollen mit Ihrer Werbung ganz gro\u00df rauskommen? Dann sind Sie bei uns genau richtig. Mit dem digitalen Gro\u00dfformatdruck f\u00fcr Au\u00dfenwerbung im XXL-Format sind die M\u00f6glichkeiten nahezu grenzenlos. Egal ob PVC-Banner, Netzplanen oder Riesenposter \u2014 wir sorgen daf\u00fcr, dass Ihre Botschaft garantiert nicht \u00fcbersehen wird.<\/p>\n<p><strong>Digital Signage <\/strong><br \/>\nDer Einsatz digitaler Medieninhalte bei Werbe- und Informationssystemen wird immer wichtiger. Elektronische Plakate, elektronische Verkehrsschilder, Werbung in Gesch\u00e4ften, digitale T\u00fcrbeschilderung oder Gro\u00dfbildprojektionen im Innen- sowie Au\u00dfenbereich k\u00f6nnen wir f\u00fcr Sie umsetzen.<\/p>\n<p class=\"p1\"><strong>Referenzen<br \/>\n<\/strong>In B\u00e4lde pr\u00e4sentieren wir Ihnen hier einige ausgew\u00e4hlte Projekte.<br \/>\nLeider k\u00f6nnen wir Ihnen an dieser Stelle keinen vollst\u00e4ndigen \u00dcberblick unseres Leistungsportfolios geben.<\/p>\n<p class=\"p1\">Deshalb sprechen Sie uns gern an und teilen Sie uns Ihre W\u00fcnsche mit.<\/p>\n","protected":false},"excerpt":{"rendered":"<p>Kontinuit\u00e4t gepaart mit Wissen &amp; Zuverl\u00e4ssigkeit. Das Unternehmen wurde 1975 von Fritz K\u00f6ppe gegr\u00fcndet. Seit 1982 ist das Buchstaben Center eine GmbH und jeher drehte es sich um den Buchstaben. 40 Jahre stetige Entwicklung von den Holzlettern hin zur heutigen Vielfalt der M\u00f6glichkeiten. \u201eWerbebotschaften\u201c auf Papier, Pappe, Glas (Schaufenster, T\u00fcren, Fenster), Alu, Holz, Folie, Plastik\u2026. &hellip; <\/p>\n<p class=\"link-more\"><a href=\"https:\/\/www.buchstabencenter.de\/?page_id=25\" class=\"more-link\"><span class=\"screen-reader-text\">\u201eLEISTUNGSPALETTE\u201c <\/span>weiterlesen<\/a><\/p>\n","protected":false},"author":2,"featured_media":0,"parent":0,"menu_order":0,"comment_status":"closed","ping_status":"closed","template":"","meta":{"footnotes":""},"class_list":["post-25","page","type-page","status-publish","hentry"],"_links":{"self":[{"href":"https:\/\/www.buchstabencenter.de\/index.php?rest_route=\/wp\/v2\/pages\/25","targetHints":{"allow":["GET"]}}],"collection":[{"href":"https:\/\/www.buchstabencenter.de\/index.php?rest_route=\/wp\/v2\/pages"}],"about":[{"href":"https:\/\/www.buchstabencenter.de\/index.php?rest_route=\/wp\/v2\/types\/page"}],"author":[{"embeddable":true,"href":"https:\/\/www.buchstabencenter.de\/index.php?rest_route=\/wp\/v2\/users\/2"}],"replies":[{"embeddable":true,"href":"https:\/\/www.buchstabencenter.de\/index.php?rest_route=%2Fwp%2Fv2%2Fcomments&post=25"}],"version-history":[{"count":18,"href":"https:\/\/www.buchstabencenter.de\/index.php?rest_route=\/wp\/v2\/pages\/25\/revisions"}],"predecessor-version":[{"id":158,"href":"https:\/\/www.buchstabencenter.de\/index.php?rest_route=\/wp\/v2\/pages\/25\/revisions\/158"}],"wp:attachment":[{"href":"https:\/\/www.buchstabencenter.de\/index.php?rest_route=%2Fwp%2Fv2%2Fmedia&parent=25"}],"curies":[{"name":"wp","href":"https:\/\/api.w.org\/{rel}","templated":true}]}}