{"id":44,"date":"2018-11-16T11:29:43","date_gmt":"2018-11-16T10:29:43","guid":{"rendered":"http:\/\/www.buchstabencenter.de\/?page_id=44"},"modified":"2023-09-04T11:45:07","modified_gmt":"2023-09-04T09:45:07","slug":"kontakt","status":"publish","type":"page","link":"https:\/\/www.buchstabencenter.de\/?page_id=44","title":{"rendered":"KONTAKT"},"content":{"rendered":"<p class=\"p1\"><span style=\"font-family: helvetica,arial,sans-serif;\"><strong>Ihr Bedarf, W\u00fcnsche und Fragen sind so individuell wie Sie selbst.<br \/>\n<\/strong>Vertrauen Sie auf \u00fcber 40 Jahre Erfahrung.<\/span><\/p>\n<p class=\"p1\"><span style=\"font-family: helvetica,arial,sans-serif;\">Kontaktieren Sie uns einfach und unverbindlich.<\/span><\/p>\n<table style=\"height: 337px;\" border=\"0\" width=\"619\">\n<tbody>\n<tr style=\"border-color: #ffffff; background-color: #ffffff;\">\n<td><span style=\"font-family: helvetica,arial,sans-serif;\"><a href=\"http:\/\/www.buchstabencenter.de\"><img loading=\"lazy\" decoding=\"async\" class=\"alignleft wp-image-60\" style=\"line-height: 26.56px;\" src=\"http:\/\/www.buchstabencenter.de\/wp-content\/uploads\/2018\/11\/BC-Logo-2-254x300.png\" alt=\"\" width=\"169\" height=\"200\" \/><\/a><\/span><\/td>\n<td>\n<p class=\"p1\" style=\"text-align: left;\">Buchstaben Center K\u00f6ppe GmbH<br \/>\nSteilshooper Stra\u00dfe 27 a<br \/>\n22305 Hamburg<\/p>\n<p class=\"p1\" style=\"text-align: left;\">Tel.: 040 \/ 410 57 02<br \/>\nFax: 040 \/ 44 82 90<br \/>\n<span class=\"s1\"><a href=\"mailto:info@buchstabencenter.de\"><span class=\"s2\">info@buchstabencenter.de<\/span><\/a><\/span><\/p>\n<\/td>\n<\/tr>\n<\/tbody>\n<\/table>\n<div class=\"wpgmza-store-locator wpgmza_sl_main_div\" data-id=\"1\">\r\n\t<div class=\"wpgmza-address-container wpgmza-form-field wpgmza_sl_query_div wpgmza-clearfix\">\r\n\t\t<label class=\"wpgmza-address wpgmza-form-field__label wpgmza-form-field__label--float\" data-name=\"addressLabel\" for=\"addressInput\">PLZ \/ Adresse:<\/label>\r\n\t\t<input class=\"wpgmza-address\" type=\"text\" placeholder=\"Einen Ort eingeben\" autocomplete=\"off\" data-name=\"defaultAddress\" value=\"\" id=\"addressInput\" size=\"20\" aria-label=\"PLZ \/ Adresse:\">\r\n\t<\/div>\r\n\t\r\n\t<div class=\"wpgmza-radius-container wpgmza-form-field wpgmza_sl_radius_div wpgmza-clearfix\">\r\n\t\t<label class=\"wpgmza-radius wpgmza-form-field__label wpgmza-form-field__label--float\" for=\"radiusSelect\">\r\n\t\t\tRadius:\t\t<\/label>\r\n\t\t<select class=\"wpgmza-radius wpgmza-form-field__input wpgmza_sl_radius_select\" id=\"radiusSelect\" aria-label=\"Radius:\"><option class=\"wpgmza-radius wpgmza_sl_select_option\" value=\"1\">1mi<\/option><option class=\"wpgmza-radius wpgmza_sl_select_option\" value=\"5\">5mi<\/option><option class=\"wpgmza-radius wpgmza_sl_select_option\" value=\"10\" selected>10mi<\/option><option class=\"wpgmza-radius wpgmza_sl_select_option\" value=\"25\">25mi<\/option><option class=\"wpgmza-radius wpgmza_sl_select_option\" value=\"50\">50mi<\/option><option class=\"wpgmza-radius wpgmza_sl_select_option\" value=\"75\">75mi<\/option><option class=\"wpgmza-radius wpgmza_sl_select_option\" value=\"100\">100mi<\/option><option class=\"wpgmza-radius wpgmza_sl_select_option\" value=\"150\">150mi<\/option><option class=\"wpgmza-radius wpgmza_sl_select_option\" value=\"200\">200mi<\/option><option class=\"wpgmza-radius wpgmza_sl_select_option\" value=\"300\">300mi<\/option><\/select>\r\n\t<\/div>\r\n\t\r\n\t<input class=\"wpgmza-search wpgmza_sl_search_button wpgmza_sl_search_button_1\" value=\"Suche\" type=\"button\" onclick=\"searchLocations(1)\">\r\n\t\r\n\t<div class=\"wpgmza-no-results wpgmza-not-found-msg js-not-found-msg\" style=\"display: none;\">\r\n\t\t<p data-name=\"notFoundMessage\">Keine Ergebnisse in dieser Position gefunden. Bitte versuche es erneut.<\/p>\r\n\t<\/div>\r\n<\/div><div id=\"wpgmza_map\" class=\"wpgmza_map\" data-settings='{\"id\":\"1\",\"map_title\":\"Standort\",\"map_width\":\"100\",\"map_height\":\"400\",\"map_start_lat\":\"53.58502881492308\",\"map_start_lng\":\"10.04797404839025\",\"map_start_location\":\"53.55619734478145,10.03050335967301\",\"map_start_zoom\":\"15\",\"default_marker\":\"0\",\"type\":\"1\",\"alignment\":\"1\",\"directions_enabled\":\"1\",\"styling_enabled\":\"0\",\"styling_json\":\"\",\"active\":\"0\",\"kml\":\"\",\"bicycle\":\"0\",\"traffic\":\"0\",\"dbox\":\"1\",\"dbox_width\":\"100\",\"listmarkers\":\"0\",\"listmarkers_advanced\":\"0\",\"filterbycat\":\"0\",\"ugm_enabled\":\"0\",\"ugm_category_enabled\":\"0\",\"fusion\":\"\",\"map_width_type\":\"%\",\"map_height_type\":\"px\",\"mass_marker_support\":\"1\",\"ugm_access\":\"0\",\"order_markers_by\":\"0\",\"order_markers_choice\":\"0\",\"show_user_location\":\"0\",\"default_to\":\"\",\"other_settings\":{\"store_locator_enabled\":true,\"store_locator_distance\":true,\"store_locator_default_radius\":\"10\",\"store_locator_not_found_message\":\"\",\"store_locator_bounce\":1,\"store_locator_query_string\":\"\",\"store_locator_default_address\":\"\",\"wpgmza_store_locator_restrict\":\"\",\"store_locator_style\":\"modern\",\"wpgmza_store_locator_radius_style\":\"modern\",\"map_max_zoom\":\"1\",\"transport_layer\":false,\"wpgmza_show_points_of_interest\":0,\"action\":\"wpgmza_save_map\",\"redirect_to\":\"\\\/wp-admin\\\/admin-post.php\",\"map_id\":\"1\",\"http_referer\":\"\\\/wp-admin\\\/admin.php?page=wp-google-maps-menu&amp;amp;action=edit&amp;amp;map_id=1\",\"wpgmza_id\":\"1\",\"wpgmza_start_location\":\"53.58502881492308,10.04797404839025\",\"wpgmza_start_zoom\":\"15\",\"store_locator_search_area\":\"radial\",\"wpgmza_store_locator_default_radius\":\"10\",\"store_locator_auto_area_max_zoom\":\"\",\"wpgmza_store_locator_position\":false,\"store_locator_show_distance\":false,\"store_locator_category\":false,\"wpgmza_store_locator_use_their_location\":false,\"wpgmza_store_locator_bounce\":false,\"wpgmza_sl_animation\":null,\"wpgmza_store_locator_hide_before_search\":false,\"store_locator_location_placeholder\":\"\",\"store_locator_name_search\":false,\"store_locator_name_string\":\"\",\"sl_stroke_color\":\"\",\"sl_stroke_opacity\":\"\",\"sl_fill_color\":\"\",\"sl_fill_opacity\":\"\",\"wpgmza_map_align\":\"1\",\"jump_to_nearest_marker_on_initialization\":false,\"automatically_pan_to_users_location\":false,\"override_users_location_zoom_level\":false,\"override_users_location_zoom_levels\":\"\",\"show_distance_from_location\":false,\"map_min_zoom\":\"0\",\"click_open_link\":false,\"fit_maps_bounds_to_markers\":false,\"fit_maps_bounds_to_markers_after_filtering\":false,\"hide_point_of_interest\":false,\"wpgmza_zoom_on_marker_click\":false,\"wpgmza_zoom_on_marker_click_slider\":\"\",\"close_infowindow_on_map_click\":false,\"disable_lightbox_images\":false,\"use_Raw_Jpeg_Coordinates\":false,\"disable_polygon_info_windows\":false,\"enable_marker_ratings\":false,\"only_load_markers_within_viewport\":false,\"iw_primary_color\":\"#000000\",\"iw_accent_color\":\"#000000\",\"iw_text_color\":\"#000000\",\"wpgmza_listmarkers_by\":\"0\",\"wpgmza_marker_listing_position\":false,\"zoom_level_on_marker_listing_override\":false,\"zoom_level_on_marker_listing_click\":\"\",\"marker_listing_disable_zoom\":false,\"datatable_no_result_message\":\"\",\"remove_search_box_datables\":false,\"dataTable_pagination_style\":null,\"datatable_search_string\":\"\",\"datatable_result_start\":\"\",\"datatable_result_of\":\"\",\"datatable_result_to\":\"\",\"datatable_result_total\":\"\",\"datatable_result_show\":\"\",\"datatable_result_entries\":\"\",\"wpgmza_savemap\":\"Karte speichern \\u00bb\"}}' data-map-id='1' Data-maps-engine='open-layers' data-shortcode-attributes='{\"id\":\"1\"}' style=\"display:block; overflow:auto; width:100%; height:400px; float:left;\"><\/div>\n","protected":false},"excerpt":{"rendered":"<p>Ihr Bedarf, W\u00fcnsche und Fragen sind so individuell wie Sie selbst. Vertrauen Sie auf \u00fcber 40 Jahre Erfahrung. Kontaktieren Sie uns einfach und unverbindlich. Buchstaben Center K\u00f6ppe GmbH Steilshooper Stra\u00dfe 27 a 22305 Hamburg Tel.: 040 \/ 410 57 02 Fax: 040 \/ 44 82 90 info@buchstabencenter.de<\/p>\n","protected":false},"author":2,"featured_media":0,"parent":0,"menu_order":0,"comment_status":"closed","ping_status":"closed","template":"","meta":{"footnotes":""},"class_list":["post-44","page","type-page","status-publish","hentry"],"_links":{"self":[{"href":"https:\/\/www.buchstabencenter.de\/index.php?rest_route=\/wp\/v2\/pages\/44","targetHints":{"allow":["GET"]}}],"collection":[{"href":"https:\/\/www.buchstabencenter.de\/index.php?rest_route=\/wp\/v2\/pages"}],"about":[{"href":"https:\/\/www.buchstabencenter.de\/index.php?rest_route=\/wp\/v2\/types\/page"}],"author":[{"embeddable":true,"href":"https:\/\/www.buchstabencenter.de\/index.php?rest_route=\/wp\/v2\/users\/2"}],"replies":[{"embeddable":true,"href":"https:\/\/www.buchstabencenter.de\/index.php?rest_route=%2Fwp%2Fv2%2Fcomments&post=44"}],"version-history":[{"count":22,"href":"https:\/\/www.buchstabencenter.de\/index.php?rest_route=\/wp\/v2\/pages\/44\/revisions"}],"predecessor-version":[{"id":162,"href":"https:\/\/www.buchstabencenter.de\/index.php?rest_route=\/wp\/v2\/pages\/44\/revisions\/162"}],"wp:attachment":[{"href":"https:\/\/www.buchstabencenter.de\/index.php?rest_route=%2Fwp%2Fv2%2Fmedia&parent=44"}],"curies":[{"name":"wp","href":"https:\/\/api.w.org\/{rel}","templated":true}]}}