{"id":74,"date":"2018-11-21T12:26:11","date_gmt":"2018-11-21T11:26:11","guid":{"rendered":"http:\/\/www.buchstabencenter.de\/?page_id=74"},"modified":"2023-09-04T11:48:28","modified_gmt":"2023-09-04T09:48:28","slug":"impessum","status":"publish","type":"page","link":"https:\/\/www.buchstabencenter.de\/?page_id=74","title":{"rendered":"IMPRESSUM"},"content":{"rendered":"<p><span style=\"font-family: helvetica,arial,sans-serif;\">Verantwortlich f\u00fcr den Inhalt dieser Website:<\/span><\/p>\n<p><span style=\"font-family: helvetica,arial,sans-serif;\"><img loading=\"lazy\" decoding=\"async\" class=\"alignnone wp-image-60\" src=\"http:\/\/www.buchstabencenter.de\/wp-content\/uploads\/2018\/11\/BC-Logo-2-254x300.png\" alt=\"\" width=\"182\" height=\"187\" \/><\/span><\/p>\n<p class=\"p1\"><span style=\"font-family: helvetica,arial,sans-serif;\">Buchstaben Center K\u00f6ppe GmbH<\/span><br \/>\n<span style=\"font-family: helvetica,arial,sans-serif;\">Steilshooper Stra\u00dfe 27 a<\/span><br \/>\n<span style=\"font-family: helvetica,arial,sans-serif;\">22305 Hamburg<\/span><\/p>\n<p class=\"p1\"><span style=\"font-family: helvetica,arial,sans-serif;\">Tel.: 040 \/ 410 57 02<\/span><br \/>\n<span style=\"font-family: helvetica,arial,sans-serif;\">Fax: 040 \/ 44 82 90<\/span><br \/>\n<span class=\"s1\" style=\"font-family: helvetica,arial,sans-serif;\"><a href=\"mailto:info@buchstabencenter.de\"><span class=\"s2\">info@buchstabencenter.de<\/span><\/a><\/span><\/p>\n<p><span style=\"font-family: helvetica,arial,sans-serif;\">Gesch\u00e4ftsf\u00fchrer: Michael Rippe<\/span><\/p>\n<p><span style=\"font-family: helvetica,arial,sans-serif;\">Inhaltlich Verantwortlicher gem\u00e4\u00df \u00a7 10 Absatz 3 MDStV:<\/span><\/p>\n<p class=\"p1\"><span style=\"font-family: helvetica,arial,sans-serif;\">Michael Rippe<\/span><br \/>\n<span style=\"font-family: helvetica,arial,sans-serif;\">Gerichtsstand: Amtsgericht Hamburg<\/span><br \/>\n<span style=\"font-family: helvetica,arial,sans-serif;\">Handelsregister: HRB 34679<\/span><br \/>\n<span style=\"font-family: helvetica,arial,sans-serif;\">USt.IDNr.: DE 118 534 610<\/span><\/p>\n","protected":false},"excerpt":{"rendered":"<p>Verantwortlich f\u00fcr den Inhalt dieser Website: Buchstaben Center K\u00f6ppe GmbH Steilshooper Stra\u00dfe 27 a 22305 Hamburg Tel.: 040 \/ 410 57 02 Fax: 040 \/ 44 82 90 info@buchstabencenter.de Gesch\u00e4ftsf\u00fchrer: Michael Rippe Inhaltlich Verantwortlicher gem\u00e4\u00df \u00a7 10 Absatz 3 MDStV: Michael Rippe Gerichtsstand: Amtsgericht Hamburg Handelsregister: HRB 34679 USt.IDNr.: DE 118 534 610<\/p>\n","protected":false},"author":2,"featured_media":0,"parent":0,"menu_order":0,"comment_status":"closed","ping_status":"closed","template":"","meta":{"footnotes":""},"class_list":["post-74","page","type-page","status-publish","hentry"],"_links":{"self":[{"href":"https:\/\/www.buchstabencenter.de\/index.php?rest_route=\/wp\/v2\/pages\/74","targetHints":{"allow":["GET"]}}],"collection":[{"href":"https:\/\/www.buchstabencenter.de\/index.php?rest_route=\/wp\/v2\/pages"}],"about":[{"href":"https:\/\/www.buchstabencenter.de\/index.php?rest_route=\/wp\/v2\/types\/page"}],"author":[{"embeddable":true,"href":"https:\/\/www.buchstabencenter.de\/index.php?rest_route=\/wp\/v2\/users\/2"}],"replies":[{"embeddable":true,"href":"https:\/\/www.buchstabencenter.de\/index.php?rest_route=%2Fwp%2Fv2%2Fcomments&post=74"}],"version-history":[{"count":6,"href":"https:\/\/www.buchstabencenter.de\/index.php?rest_route=\/wp\/v2\/pages\/74\/revisions"}],"predecessor-version":[{"id":163,"href":"https:\/\/www.buchstabencenter.de\/index.php?rest_route=\/wp\/v2\/pages\/74\/revisions\/163"}],"wp:attachment":[{"href":"https:\/\/www.buchstabencenter.de\/index.php?rest_route=%2Fwp%2Fv2%2Fmedia&parent=74"}],"curies":[{"name":"wp","href":"https:\/\/api.w.org\/{rel}","templated":true}]}}